{"id":251,"date":"2021-03-15T13:51:59","date_gmt":"2021-03-15T13:51:59","guid":{"rendered":"https:\/\/weinheimtaxi.de\/?page_id=251"},"modified":"2023-04-13T14:11:44","modified_gmt":"2023-04-13T14:11:44","slug":"impressum","status":"publish","type":"page","link":"https:\/\/lampertheimtaxi.de\/index.php\/impressum\/","title":{"rendered":"Impressum"},"content":{"rendered":"\n<p>Angaben gem\u00e4\u00df \u00a7 5 TMG<\/p>\n\n\n\n<p>Taxi &amp; Omnibusbetrieb Bhatti<\/p>\n\n\n\n<p>An d. Tuchbleiche 2, <br>68623 Lampertheim<\/p>\n\n\n\n<p>Vertreten durch:<br>Bhatti Nadeem<\/p>\n\n\n\n<p>Kontakt:<\/p>\n\n\n\n<p>Tel: 06256 &#8211; 66 92 24<\/p>\n\n\n\n<p>Taxi.83@web.de<\/p>\n\n\n\n<p>Haftungsausschluss:<\/p>\n\n\n\n<p>Haftung f\u00fcr Inhalte<\/p>\n\n\n\n<p>Die Inhalte unserer Seiten wurden mit gr\u00f6\u00dfter Sorgfalt erstellt. F\u00fcr die Richtigkeit, Vollst\u00e4ndigkeit und Aktualit\u00e4t der Inhalte k\u00f6nnen wir jedoch keine Gew\u00e4hr \u00fcbernehmen. Als Diensteanbieter sind wir gem\u00e4\u00df \u00a7 7 Abs.1 TMG f\u00fcr eigene Inhalte auf diesen Seiten nach den allgemeinen Gesetzen verantwortlich. Nach \u00a7\u00a7 8 bis 10 TMG sind wir als Diensteanbieter jedoch nicht verpflichtet, \u00fcbermittelte oder gespeicherte fremde Informationen zu \u00fcberwachen oder nach Umst\u00e4nden zu forschen, die auf eine rechtswidrige T\u00e4tigkeit hinweisen. Verpflichtungen zur Entfernung oder Sperrung der Nutzung von Informationen nach den allgemeinen Gesetzen bleiben hiervon unber\u00fchrt. Eine diesbez\u00fcgliche Haftung ist jedoch erst ab dem Zeitpunkt der Kenntnis einer konkreten Rechtsverletzung m\u00f6glich. Bei Bekanntwerden von entsprechenden Rechtsverletzungen werden wir diese Inhalte umgehend entfernen.<\/p>\n\n\n\n<p>Haftung f\u00fcr Links<\/p>\n\n\n\n<p>Unser Angebot enth\u00e4lt Links zu externen Webseiten Dritter, auf deren Inhalte wir keinen Einfluss haben. Deshalb k\u00f6nnen wir f\u00fcr diese fremden Inhalte auch keine Gew\u00e4hr \u00fcbernehmen. F\u00fcr die Inhalte der verlinkten Seiten ist stets der jeweilige Anbieter oder Betreiber der Seiten verantwortlich. Die verlinkten Seiten wurden zum Zeitpunkt der Verlinkung auf m\u00f6gliche Rechtsverst\u00f6\u00dfe \u00fcberpr\u00fcft. Rechtswidrige Inhalte waren zum Zeitpunkt der Verlinkung nicht erkennbar. Eine permanente inhaltliche Kontrolle der verlinkten Seiten ist jedoch ohne konkrete Anhaltspunkte einer Rechtsverletzung nicht zumutbar. Bei Bekanntwerden von Rechtsverletzungen werden wir derartige Links umgehend entfernen.<\/p>\n\n\n\n<div id=\"wp-block-themeisle-blocks-advanced-columns-11a9c15b\" class=\"wp-block-themeisle-blocks-advanced-columns has-0-columns has-desktop-undefined-layout has-tablet-equal-layout has-mobile-equal-layout has-vertical-unset has-default-gap\"><div class=\"wp-block-themeisle-blocks-advanced-columns-overlay\"><\/div><div class=\"innerblocks-wrap\"><\/div><\/div>\n","protected":false},"excerpt":{"rendered":"<p>Angaben gem\u00e4\u00df \u00a7 5 TMG Taxi &amp; Omnibusbetrieb Bhatti An d. Tuchbleiche 2, 68623 Lampertheim Vertreten durch:Bhatti Nadeem Kontakt: Tel: 06256 &#8211; 66 92 24 Taxi.83@web.de Haftungsausschluss: Haftung f\u00fcr Inhalte Die Inhalte unserer Seiten wurden mit gr\u00f6\u00dfter Sorgfalt erstellt. F\u00fcr die Richtigkeit, Vollst\u00e4ndigkeit und Aktualit\u00e4t der Inhalte k\u00f6nnen wir jedoch keine Gew\u00e4hr \u00fcbernehmen. Als Diensteanbieter&hellip;&nbsp;<a href=\"https:\/\/lampertheimtaxi.de\/index.php\/impressum\/\" rel=\"bookmark\">Weiterlesen &raquo;<span class=\"screen-reader-text\">Impressum<\/span><\/a><\/p>\n","protected":false},"author":3,"featured_media":0,"parent":0,"menu_order":0,"comment_status":"closed","ping_status":"closed","template":"","meta":{"neve_meta_sidebar":"full-width","neve_meta_container":"","neve_meta_enable_content_width":"on","neve_meta_content_width":100,"neve_meta_title_alignment":"","neve_meta_author_avatar":"","neve_post_elements_order":"","neve_meta_disable_header":"","neve_meta_disable_footer":"","neve_meta_disable_title":"","_joinchat":[],"footnotes":""},"class_list":["post-251","page","type-page","status-publish","hentry"],"yoast_head":"<!-- This site is optimized with the Yoast SEO plugin v27.4 - https:\/\/yoast.com\/product\/yoast-seo-wordpress\/ -->\n<title>Impressum - Taxi Lampertheim &amp; Omnibusbetrieb Bhatti<\/title>\n<meta name=\"robots\" content=\"index, follow, max-snippet:-1, max-image-preview:large, max-video-preview:-1\" \/>\n<link rel=\"canonical\" href=\"https:\/\/lampertheimtaxi.de\/index.php\/impressum\/\" \/>\n<meta property=\"og:locale\" content=\"de_DE\" \/>\n<meta property=\"og:type\" content=\"article\" \/>\n<meta property=\"og:title\" content=\"Impressum - Taxi Lampertheim &amp; Omnibusbetrieb Bhatti\" \/>\n<meta property=\"og:description\" content=\"Angaben gem\u00e4\u00df \u00a7 5 TMG Taxi &amp; Omnibusbetrieb Bhatti An d. Tuchbleiche 2, 68623 Lampertheim Vertreten durch:Bhatti Nadeem Kontakt: Tel: 06256 &#8211; 66 92 24 Taxi.83@web.de Haftungsausschluss: Haftung f\u00fcr Inhalte Die Inhalte unserer Seiten wurden mit gr\u00f6\u00dfter Sorgfalt erstellt. F\u00fcr die Richtigkeit, Vollst\u00e4ndigkeit und Aktualit\u00e4t der Inhalte k\u00f6nnen wir jedoch keine Gew\u00e4hr \u00fcbernehmen. Als Diensteanbieter&hellip;&nbsp;Weiterlesen &raquo;Impressum\" \/>\n<meta property=\"og:url\" content=\"https:\/\/lampertheimtaxi.de\/index.php\/impressum\/\" \/>\n<meta property=\"og:site_name\" content=\"Taxi Lampertheim &amp; Omnibusbetrieb Bhatti\" \/>\n<meta property=\"article:modified_time\" content=\"2023-04-13T14:11:44+00:00\" \/>\n<meta name=\"twitter:card\" content=\"summary_large_image\" \/>\n<meta name=\"twitter:label1\" content=\"Gesch\u00e4tzte Lesezeit\" \/>\n\t<meta name=\"twitter:data1\" content=\"2\u00a0Minuten\" \/>\n<script type=\"application\/ld+json\" class=\"yoast-schema-graph\">{\"@context\":\"https:\\\/\\\/schema.org\",\"@graph\":[{\"@type\":\"WebPage\",\"@id\":\"https:\\\/\\\/lampertheimtaxi.de\\\/index.php\\\/impressum\\\/\",\"url\":\"https:\\\/\\\/lampertheimtaxi.de\\\/index.php\\\/impressum\\\/\",\"name\":\"Impressum - Taxi Lampertheim &amp; Omnibusbetrieb Bhatti\",\"isPartOf\":{\"@id\":\"https:\\\/\\\/lampertheimtaxi.de\\\/#website\"},\"datePublished\":\"2021-03-15T13:51:59+00:00\",\"dateModified\":\"2023-04-13T14:11:44+00:00\",\"breadcrumb\":{\"@id\":\"https:\\\/\\\/lampertheimtaxi.de\\\/index.php\\\/impressum\\\/#breadcrumb\"},\"inLanguage\":\"de\",\"potentialAction\":[{\"@type\":\"ReadAction\",\"target\":[\"https:\\\/\\\/lampertheimtaxi.de\\\/index.php\\\/impressum\\\/\"]}]},{\"@type\":\"BreadcrumbList\",\"@id\":\"https:\\\/\\\/lampertheimtaxi.de\\\/index.php\\\/impressum\\\/#breadcrumb\",\"itemListElement\":[{\"@type\":\"ListItem\",\"position\":1,\"name\":\"Startseite\",\"item\":\"https:\\\/\\\/lampertheimtaxi.de\\\/\"},{\"@type\":\"ListItem\",\"position\":2,\"name\":\"Impressum\"}]},{\"@type\":\"WebSite\",\"@id\":\"https:\\\/\\\/lampertheimtaxi.de\\\/#website\",\"url\":\"https:\\\/\\\/lampertheimtaxi.de\\\/\",\"name\":\"Taxi Lampertheim &amp; Omnibusbetrieb Bhatti\",\"description\":\"Taxiunternehmen in Lampertheim\",\"publisher\":{\"@id\":\"https:\\\/\\\/lampertheimtaxi.de\\\/#organization\"},\"potentialAction\":[{\"@type\":\"SearchAction\",\"target\":{\"@type\":\"EntryPoint\",\"urlTemplate\":\"https:\\\/\\\/lampertheimtaxi.de\\\/?s={search_term_string}\"},\"query-input\":{\"@type\":\"PropertyValueSpecification\",\"valueRequired\":true,\"valueName\":\"search_term_string\"}}],\"inLanguage\":\"de\"},{\"@type\":\"Organization\",\"@id\":\"https:\\\/\\\/lampertheimtaxi.de\\\/#organization\",\"name\":\"Taxi Lampertheim &amp; Omnibusbetrieb Bhatti\",\"url\":\"https:\\\/\\\/lampertheimtaxi.de\\\/\",\"logo\":{\"@type\":\"ImageObject\",\"inLanguage\":\"de\",\"@id\":\"https:\\\/\\\/lampertheimtaxi.de\\\/#\\\/schema\\\/logo\\\/image\\\/\",\"url\":\"https:\\\/\\\/lampertheimtaxi.de\\\/wp-content\\\/uploads\\\/2021\\\/03\\\/cropped-Logo02.png\",\"contentUrl\":\"https:\\\/\\\/lampertheimtaxi.de\\\/wp-content\\\/uploads\\\/2021\\\/03\\\/cropped-Logo02.png\",\"width\":877,\"height\":185,\"caption\":\"Taxi Lampertheim &amp; Omnibusbetrieb Bhatti\"},\"image\":{\"@id\":\"https:\\\/\\\/lampertheimtaxi.de\\\/#\\\/schema\\\/logo\\\/image\\\/\"}}]}<\/script>\n<!-- \/ Yoast SEO plugin. -->","yoast_head_json":{"title":"Impressum - Taxi Lampertheim &amp; Omnibusbetrieb Bhatti","robots":{"index":"index","follow":"follow","max-snippet":"max-snippet:-1","max-image-preview":"max-image-preview:large","max-video-preview":"max-video-preview:-1"},"canonical":"https:\/\/lampertheimtaxi.de\/index.php\/impressum\/","og_locale":"de_DE","og_type":"article","og_title":"Impressum - Taxi Lampertheim &amp; Omnibusbetrieb Bhatti","og_description":"Angaben gem\u00e4\u00df \u00a7 5 TMG Taxi &amp; Omnibusbetrieb Bhatti An d. Tuchbleiche 2, 68623 Lampertheim Vertreten durch:Bhatti Nadeem Kontakt: Tel: 06256 &#8211; 66 92 24 Taxi.83@web.de Haftungsausschluss: Haftung f\u00fcr Inhalte Die Inhalte unserer Seiten wurden mit gr\u00f6\u00dfter Sorgfalt erstellt. F\u00fcr die Richtigkeit, Vollst\u00e4ndigkeit und Aktualit\u00e4t der Inhalte k\u00f6nnen wir jedoch keine Gew\u00e4hr \u00fcbernehmen. Als Diensteanbieter&hellip;&nbsp;Weiterlesen &raquo;Impressum","og_url":"https:\/\/lampertheimtaxi.de\/index.php\/impressum\/","og_site_name":"Taxi Lampertheim &amp; Omnibusbetrieb Bhatti","article_modified_time":"2023-04-13T14:11:44+00:00","twitter_card":"summary_large_image","twitter_misc":{"Gesch\u00e4tzte Lesezeit":"2\u00a0Minuten"},"schema":{"@context":"https:\/\/schema.org","@graph":[{"@type":"WebPage","@id":"https:\/\/lampertheimtaxi.de\/index.php\/impressum\/","url":"https:\/\/lampertheimtaxi.de\/index.php\/impressum\/","name":"Impressum - Taxi Lampertheim &amp; Omnibusbetrieb Bhatti","isPartOf":{"@id":"https:\/\/lampertheimtaxi.de\/#website"},"datePublished":"2021-03-15T13:51:59+00:00","dateModified":"2023-04-13T14:11:44+00:00","breadcrumb":{"@id":"https:\/\/lampertheimtaxi.de\/index.php\/impressum\/#breadcrumb"},"inLanguage":"de","potentialAction":[{"@type":"ReadAction","target":["https:\/\/lampertheimtaxi.de\/index.php\/impressum\/"]}]},{"@type":"BreadcrumbList","@id":"https:\/\/lampertheimtaxi.de\/index.php\/impressum\/#breadcrumb","itemListElement":[{"@type":"ListItem","position":1,"name":"Startseite","item":"https:\/\/lampertheimtaxi.de\/"},{"@type":"ListItem","position":2,"name":"Impressum"}]},{"@type":"WebSite","@id":"https:\/\/lampertheimtaxi.de\/#website","url":"https:\/\/lampertheimtaxi.de\/","name":"Taxi Lampertheim &amp; Omnibusbetrieb Bhatti","description":"Taxiunternehmen in Lampertheim","publisher":{"@id":"https:\/\/lampertheimtaxi.de\/#organization"},"potentialAction":[{"@type":"SearchAction","target":{"@type":"EntryPoint","urlTemplate":"https:\/\/lampertheimtaxi.de\/?s={search_term_string}"},"query-input":{"@type":"PropertyValueSpecification","valueRequired":true,"valueName":"search_term_string"}}],"inLanguage":"de"},{"@type":"Organization","@id":"https:\/\/lampertheimtaxi.de\/#organization","name":"Taxi Lampertheim &amp; Omnibusbetrieb Bhatti","url":"https:\/\/lampertheimtaxi.de\/","logo":{"@type":"ImageObject","inLanguage":"de","@id":"https:\/\/lampertheimtaxi.de\/#\/schema\/logo\/image\/","url":"https:\/\/lampertheimtaxi.de\/wp-content\/uploads\/2021\/03\/cropped-Logo02.png","contentUrl":"https:\/\/lampertheimtaxi.de\/wp-content\/uploads\/2021\/03\/cropped-Logo02.png","width":877,"height":185,"caption":"Taxi Lampertheim &amp; Omnibusbetrieb Bhatti"},"image":{"@id":"https:\/\/lampertheimtaxi.de\/#\/schema\/logo\/image\/"}}]}},"_links":{"self":[{"href":"https:\/\/lampertheimtaxi.de\/index.php\/wp-json\/wp\/v2\/pages\/251","targetHints":{"allow":["GET"]}}],"collection":[{"href":"https:\/\/lampertheimtaxi.de\/index.php\/wp-json\/wp\/v2\/pages"}],"about":[{"href":"https:\/\/lampertheimtaxi.de\/index.php\/wp-json\/wp\/v2\/types\/page"}],"author":[{"embeddable":true,"href":"https:\/\/lampertheimtaxi.de\/index.php\/wp-json\/wp\/v2\/users\/3"}],"replies":[{"embeddable":true,"href":"https:\/\/lampertheimtaxi.de\/index.php\/wp-json\/wp\/v2\/comments?post=251"}],"version-history":[{"count":9,"href":"https:\/\/lampertheimtaxi.de\/index.php\/wp-json\/wp\/v2\/pages\/251\/revisions"}],"predecessor-version":[{"id":1369,"href":"https:\/\/lampertheimtaxi.de\/index.php\/wp-json\/wp\/v2\/pages\/251\/revisions\/1369"}],"wp:attachment":[{"href":"https:\/\/lampertheimtaxi.de\/index.php\/wp-json\/wp\/v2\/media?parent=251"}],"curies":[{"name":"wp","href":"https:\/\/api.w.org\/{rel}","templated":true}]}}